{"id":87,"date":"2022-09-05T19:53:44","date_gmt":"2022-09-05T17:53:44","guid":{"rendered":"https:\/\/agsgomes.com\/?page_id=87"},"modified":"2022-09-06T19:05:31","modified_gmt":"2022-09-06T17:05:31","slug":"habitats-particuliers","status":"publish","type":"page","link":"https:\/\/agsgomes.com\/index.php\/habitats-particuliers\/","title":{"rendered":"Habitats \/ Particuliers &#038; Collectif"},"content":{"rendered":"\n<h2 class=\"wp-block-heading\">Nos services pour les particuliers : Pavillons et Appartements <\/h2>\n\n\n\n<p>Pour vos maisons et appartements, nous vous proposons diff\u00e9rents services en menuiserie et serrurerie sp\u00e9cialement \u00e9tudi\u00e9s pour les besoins des particuliers.<\/p>\n\n\n\n<p>Ainsi, A.G.S vous propose l\u2019installation et la pose de diff\u00e9rents produits, comme des portes d\u2019entr\u00e9e,&nbsp;<a href=\"https:\/\/www.ags91.fr\/menuiseries-particuliers\/portes-fenetres\/\">portes coulissantes et fen\u00eatres<\/a>, mais aussi des volets roulants, des rideaux m\u00e9talliques et diff\u00e9rents types de portes de garage, portails motoris\u00e9s, et cl\u00f4tures et garde-corps.<\/p>\n\n\n\n<p>Parce que nous pensons que votre maison, vos proches et vos biens m\u00e9ritent une&nbsp;<strong>installation de qualit\u00e9<\/strong>&nbsp;capable d\u2019assurer votre s\u00e9curit\u00e9, nous sommes \u00e0 votre enti\u00e8re disposition pour voir avec vous votre projet de s\u00e9curit\u00e9 et serrurerie personnalis\u00e9.<\/p>\n\n\n\n<p>Faire appel \u00e0 nos services pour vos menuiseries et serrureries, c\u2019est faire le choix d\u2019un travail professionnel et sans accroc pour votre maison !<br><\/p>\n\n\n\n<p>Nous sommes de mani\u00e8res plus global en capacit\u00e9 de r\u00e9pondre aux besoins suivants :<\/p>\n\n\n\n<p>\u25ca Portail, portillon, grille, cl\u00f4ture &amp; motorisation<br>\u25ca Menuiserie Acier &amp; Alu diverses<br>\u25ca Porte d\u2019entr\u00e9e : Bloc porte blind\u00e9e, blindage Parisien, porte technique<br>\u25ca Porte sectionnelle, porte de garage basculante &amp; motorisation<br>\u25ca Rideau m\u00e9tallique &amp; motorisation<br>\u25ca Volet roulant tout type &amp; motorisation<br>\u25ca Fen\u00eatre, porte fen\u00eatre, baie vitr\u00e9e \/ En PVC, Aluminium, ou Acier<br>\u25ca Garde-corps, rampe d\u2019escalier \/ En Aluminium, Acier ou Inox<\/p>\n","protected":false},"excerpt":{"rendered":"<p>Nos services pour les particuliers : Pavillons et Appartements Pour vos maisons et appartements, nous vous proposons diff\u00e9rents services en menuiserie et serrurerie sp\u00e9cialement \u00e9tudi\u00e9s pour les besoins des particuliers. Ainsi, A.G.S vous propose l\u2019installation et la pose de diff\u00e9rents produits, comme des portes d\u2019entr\u00e9e,&nbsp;portes coulissantes et fen\u00eatres, mais aussi des volets roulants, des rideaux [&hellip;]<\/p>\n","protected":false},"author":1,"featured_media":0,"parent":0,"menu_order":0,"comment_status":"closed","ping_status":"closed","template":"","meta":{"ocean_post_layout":"","ocean_both_sidebars_style":"","ocean_both_sidebars_content_width":0,"ocean_both_sidebars_sidebars_width":0,"ocean_sidebar":"","ocean_second_sidebar":"","ocean_disable_margins":"enable","ocean_add_body_class":"","ocean_shortcode_before_top_bar":"","ocean_shortcode_after_top_bar":"","ocean_shortcode_before_header":"","ocean_shortcode_after_header":"","ocean_has_shortcode":"","ocean_shortcode_after_title":"","ocean_shortcode_before_footer_widgets":"","ocean_shortcode_after_footer_widgets":"","ocean_shortcode_before_footer_bottom":"","ocean_shortcode_after_footer_bottom":"","ocean_display_top_bar":"default","ocean_display_header":"default","ocean_header_style":"","ocean_center_header_left_menu":"","ocean_custom_header_template":"","ocean_custom_logo":0,"ocean_custom_retina_logo":0,"ocean_custom_logo_max_width":0,"ocean_custom_logo_tablet_max_width":0,"ocean_custom_logo_mobile_max_width":0,"ocean_custom_logo_max_height":0,"ocean_custom_logo_tablet_max_height":0,"ocean_custom_logo_mobile_max_height":0,"ocean_header_custom_menu":"","ocean_menu_typo_font_family":"","ocean_menu_typo_font_subset":"","ocean_menu_typo_font_size":0,"ocean_menu_typo_font_size_tablet":0,"ocean_menu_typo_font_size_mobile":0,"ocean_menu_typo_font_size_unit":"px","ocean_menu_typo_font_weight":"","ocean_menu_typo_font_weight_tablet":"","ocean_menu_typo_font_weight_mobile":"","ocean_menu_typo_transform":"","ocean_menu_typo_transform_tablet":"","ocean_menu_typo_transform_mobile":"","ocean_menu_typo_line_height":0,"ocean_menu_typo_line_height_tablet":0,"ocean_menu_typo_line_height_mobile":0,"ocean_menu_typo_line_height_unit":"","ocean_menu_typo_spacing":0,"ocean_menu_typo_spacing_tablet":0,"ocean_menu_typo_spacing_mobile":0,"ocean_menu_typo_spacing_unit":"","ocean_menu_link_color":"","ocean_menu_link_color_hover":"","ocean_menu_link_color_active":"","ocean_menu_link_background":"","ocean_menu_link_hover_background":"","ocean_menu_link_active_background":"","ocean_menu_social_links_bg":"","ocean_menu_social_hover_links_bg":"","ocean_menu_social_links_color":"","ocean_menu_social_hover_links_color":"","ocean_disable_title":"default","ocean_disable_heading":"default","ocean_post_title":"","ocean_post_subheading":"","ocean_post_title_style":"","ocean_post_title_background_color":"","ocean_post_title_background":0,"ocean_post_title_bg_image_position":"","ocean_post_title_bg_image_attachment":"","ocean_post_title_bg_image_repeat":"","ocean_post_title_bg_image_size":"","ocean_post_title_height":0,"ocean_post_title_bg_overlay":0.5,"ocean_post_title_bg_overlay_color":"","ocean_disable_breadcrumbs":"default","ocean_breadcrumbs_color":"","ocean_breadcrumbs_separator_color":"","ocean_breadcrumbs_links_color":"","ocean_breadcrumbs_links_hover_color":"","ocean_display_footer_widgets":"default","ocean_display_footer_bottom":"default","ocean_custom_footer_template":"","footnotes":""},"class_list":["post-87","page","type-page","status-publish","hentry","entry","owp-thumbs-layout-horizontal","owp-btn-normal","owp-tabs-layout-horizontal","has-no-thumbnails","has-product-nav"],"_links":{"self":[{"href":"https:\/\/agsgomes.com\/index.php\/wp-json\/wp\/v2\/pages\/87","targetHints":{"allow":["GET"]}}],"collection":[{"href":"https:\/\/agsgomes.com\/index.php\/wp-json\/wp\/v2\/pages"}],"about":[{"href":"https:\/\/agsgomes.com\/index.php\/wp-json\/wp\/v2\/types\/page"}],"author":[{"embeddable":true,"href":"https:\/\/agsgomes.com\/index.php\/wp-json\/wp\/v2\/users\/1"}],"replies":[{"embeddable":true,"href":"https:\/\/agsgomes.com\/index.php\/wp-json\/wp\/v2\/comments?post=87"}],"version-history":[{"count":4,"href":"https:\/\/agsgomes.com\/index.php\/wp-json\/wp\/v2\/pages\/87\/revisions"}],"predecessor-version":[{"id":117,"href":"https:\/\/agsgomes.com\/index.php\/wp-json\/wp\/v2\/pages\/87\/revisions\/117"}],"wp:attachment":[{"href":"https:\/\/agsgomes.com\/index.php\/wp-json\/wp\/v2\/media?parent=87"}],"curies":[{"name":"wp","href":"https:\/\/api.w.org\/{rel}","templated":true}]}}